{"id":7,"date":"2017-05-19T11:46:44","date_gmt":"2017-05-19T09:46:44","guid":{"rendered":"http:\/\/sakshotels.com\/portal\/?page_id=7"},"modified":"2022-12-15T08:32:11","modified_gmt":"2022-12-15T07:32:11","slug":"index","status":"publish","type":"page","link":"https:\/\/www.sakshotels.com\/portal\/","title":{"rendered":"Portal"},"content":{"rendered":"<p>[vc_row][vc_column][vc_column_text][FSL id=750][\/vc_column_text][\/vc_column][\/vc_row][vc_row full_width_row=&#8220;true&#8220; el_class=&#8220;feststehend&#8220;][vc_column][vc_row_inner][vc_column_inner width=&#8220;5\/6&#8243; offset=&#8220;vc_hidden-sm vc_hidden-xs&#8220;][vc_single_image image=&#8220;15&#8243; img_size=&#8220;medium&#8220; image_hovers=&#8220;false&#8220; el_class=&#8220;logo_saks&#8220; css=&#8220;.vc_custom_1569249774787{padding-top: 35px !important;padding-left: 35px !important;}&#8220;][\/vc_column_inner][vc_column_inner width=&#8220;1\/6&#8243; offset=&#8220;vc_hidden-sm vc_hidden-xs&#8220; css=&#8220;.vc_custom_1626605680227{padding-top: 5px !important;padding-right: 35px !important;}&#8220;][vc_column_text css=&#8220;.vc_custom_1626605847027{padding-top: 35px !important;padding-right: 35px !important;}&#8220;]<\/p>\n<p style=\"text-align: right;\"><a href=\"https:\/\/www.sakshotels.com\/portal\">DE<\/a> | <a href=\"https:\/\/www.sakshotels.com\/portal\/english\">EN<\/a><\/p>\n<p>[\/vc_column_text][\/vc_column_inner][\/vc_row_inner][vc_row_inner][vc_column_inner width=&#8220;5\/6&#8243; offset=&#8220;vc_hidden-lg vc_hidden-md&#8220;][vc_single_image image=&#8220;15&#8243; img_size=&#8220;95&#215;70&#8243; image_hovers=&#8220;false&#8220; el_class=&#8220;logo_saks&#8220;][\/vc_column_inner][vc_column_inner width=&#8220;1\/6&#8243; offset=&#8220;vc_hidden-lg vc_hidden-md&#8220;][vc_column_text css=&#8220;.vc_custom_1626689625195{padding-top: 5px !important;padding-right: 5px !important;}&#8220;]<\/p>\n<p style=\"text-align: right;\"><a href=\"http:\/\/www.sakshotels.com\/portal\">DE<\/a> | <a href=\"http:\/\/www.sakshotels.com\/portal\/english\">EN<\/a><\/p>\n<p>[\/vc_column_text][\/vc_column_inner][\/vc_row_inner][\/vc_column][\/vc_row][vc_row][vc_column css=&#8220;.vc_custom_1496760514763{margin-top: -50px !important;}&#8220; el_class=&#8220;pfeil&#8220;][vc_column_text]<\/p>\n<div class=\"smooths\" style=\"text-align: center;\"><a href=\"#inhalt\"><img src=\"\/portal\/wp-content\/uploads\/2017\/06\/arrow_down_dark.png\" \/><\/a><\/div>\n<p>[\/vc_column_text][vc_raw_html]JTNDYSUyMGlkJTNEJTIyaW5oYWx0JTIyJTNFJTNDJTJGYSUzRQ==[\/vc_raw_html][\/vc_column][\/vc_row][vc_row el_class=&#8220;rooms&#8220;][vc_column width=&#8220;1\/2&#8243; css=&#8220;.vc_custom_1513847771155{padding-right: 50px !important;padding-bottom: 50px !important;padding-left: 100px !important;}&#8220; offset=&#8220;vc_hidden-sm vc_hidden-xs&#8220;][vc_single_image image=&#8220;183&#8243; img_size=&#8220;large&#8220; onclick=&#8220;custom_link&#8220; el_class=&#8220;shadow&#8220; link=&#8220;https:\/\/www.sakskaiserslautern.com&#8220;][\/vc_column][vc_column width=&#8220;1\/2&#8243; css=&#8220;.vc_custom_1513847779742{padding-right: 100px !important;padding-bottom: 50px !important;padding-left: 50px !important;}&#8220; offset=&#8220;vc_hidden-sm vc_hidden-xs&#8220;][vc_column_text]<\/p>\n<h2>SAKS URBAN DESIGN HOTEL<br \/>\nKAISERSLAUTERN<\/h2>\n<p>[\/vc_column_text][vc_column_text]<\/p>\n<h3>SEIT 2011<\/h3>\n<p>Adresse: Stiftsplatz 11, 67655 Kaiserslautern<br \/>\nTelefon: +49 (0)631 36125-0<br \/>\nEmail: <a href=\"mailto:contact@sakshotels.com\">contact@sakshotels.com<\/a>[\/vc_column_text][\/vc_column][\/vc_row][vc_row el_class=&#8220;rooms&#8220;][vc_column css=&#8220;.vc_custom_1513847154299{padding-right: 30px !important;padding-bottom: 30px !important;padding-left: 30px !important;}&#8220; offset=&#8220;vc_hidden-lg vc_hidden-md&#8220;][vc_single_image image=&#8220;183&#8243; img_size=&#8220;large&#8220; onclick=&#8220;custom_link&#8220; el_class=&#8220;shadow&#8220; link=&#8220;https:\/\/www.sakskaiserslautern.com&#8220;][vc_column_text]<\/p>\n<h2>SAKS URBAN DESIGN HOTEL<br \/>\nKAISERSLAUTERN<\/h2>\n<p>[\/vc_column_text][vc_column_text]<\/p>\n<h3>SEIT 2011<\/h3>\n<p>Adresse: Stiftsplatz 11, 67655 Kaiserslautern<br \/>\nTelefon: +49 (0)631 36125-0<br \/>\nEmail: <a href=\"mailto:contact@sakshotels.com\">contact@sakshotels.com<\/a>[\/vc_column_text][\/vc_column][\/vc_row][vc_row el_class=&#8220;rooms&#8220;][vc_column width=&#8220;1\/2&#8243; css=&#8220;.vc_custom_1513847790898{padding-right: 50px !important;padding-bottom: 50px !important;padding-left: 100px !important;}&#8220; offset=&#8220;vc_hidden-sm vc_hidden-xs&#8220;][vc_single_image image=&#8220;164&#8243; img_size=&#8220;large&#8220; onclick=&#8220;custom_link&#8220; el_class=&#8220;shadow&#8220; link=&#8220;https:\/\/www.saksfrankfurt.com&#8220;][\/vc_column][vc_column width=&#8220;1\/2&#8243; css=&#8220;.vc_custom_1513847798941{padding-right: 100px !important;padding-bottom: 50px !important;padding-left: 50px !important;}&#8220; offset=&#8220;vc_hidden-sm vc_hidden-xs&#8220;][vc_column_text]<\/p>\n<h2>SAKS URBAN DESIGN HOTEL<br \/>\nFRANKFURT AM MAIN<\/h2>\n<p>[\/vc_column_text][vc_column_text]<\/p>\n<h3>SEIT 2017<\/h3>\n<p>Adresse: Mendelssohnstra\u00dfe 79, 60325 Frankfurt am Main<br \/>\nTelefon: +49 (0)69 789 8849 -0<br \/>\nE-Mail: <a href=\"mailto:contact.frankfurt@sakshotels.com\">contact.frankfurt@sakshotels.com<\/a>[\/vc_column_text][\/vc_column][\/vc_row][vc_row el_class=&#8220;rooms&#8220;][vc_column css=&#8220;.vc_custom_1513847265649{padding-right: 30px !important;padding-bottom: 30px !important;padding-left: 30px !important;}&#8220; offset=&#8220;vc_hidden-lg vc_hidden-md&#8220;][vc_single_image image=&#8220;164&#8243; img_size=&#8220;large&#8220; onclick=&#8220;custom_link&#8220; el_class=&#8220;shadow&#8220; link=&#8220;https:\/\/www.saksfrankfurt.com&#8220;][vc_column_text]<\/p>\n<h2>SAKS URBAN DESIGN HOTEL<br \/>\nFRANKFURT AM MAIN<\/h2>\n<p>[\/vc_column_text][vc_column_text]<\/p>\n<h3>SEIT 2017<\/h3>\n<p>Adresse: Mendelssohnstra\u00dfe 79, 60325 Frankfurt am Main<br \/>\nTelefon: +49 (0)69 789 8849 -0<br \/>\nE-Mail: <a href=\"mailto:contact.frankfurt@sakshotels.com\">contact.frankfurt@sakshotels.com<\/a><strong><br \/>\n<\/strong>[\/vc_column_text][\/vc_column][\/vc_row][vc_row][vc_column width=&#8220;1\/2&#8243; css=&#8220;.vc_custom_1513847809826{padding-right: 50px !important;padding-bottom: 50px !important;padding-left: 100px !important;}&#8220; offset=&#8220;vc_hidden-sm vc_hidden-xs&#8220;][vc_single_image image=&#8220;336&#8243; img_size=&#8220;full&#8220;][\/vc_column][vc_column width=&#8220;1\/2&#8243; css=&#8220;.vc_custom_1513847817453{padding-right: 100px !important;padding-bottom: 50px !important;padding-left: 50px !important;}&#8220; el_class=&#8220;rooms&#8220; offset=&#8220;vc_hidden-sm vc_hidden-xs&#8220;][vc_column_text]Die SAKS Urban Design Hotels sind inhaltlich und architektonisch anspruchsvolle, nicht \u00fcberladene Designhotels in zentraler Lage von Gro\u00dfst\u00e4dten. Unsere Philosophie ist es, den individuellen und zeitgem\u00e4\u00dfen Erwartungen der G\u00e4ste zu entsprechen, ohne dabei die standardisierten, wichtigen Prozesse eines systemisch und gut gef\u00fchrten Hotels au\u00dfer Acht zu lassen. SAKS Urban Design ist unser Verst\u00e4ndnis von \u201cHotel\u201d im urbanen Raum \u201eStadt\u201c unter dem Aspekt \u201cDesign\u201d. Unsere G\u00e4ste erleben eine angenehme, diskrete Atmosph\u00e4re und finden die optimale Infrastruktur f\u00fcr Ihren gesch\u00e4ftlichen als auch privaten Aufenthalt vor.[\/vc_column_text][\/vc_column][\/vc_row][vc_row][vc_column width=&#8220;1\/2&#8243; css=&#8220;.vc_custom_1513851888301{padding-top: 30px !important;padding-right: 30px !important;padding-left: 30px !important;}&#8220; offset=&#8220;vc_hidden-lg vc_hidden-md&#8220;][vc_single_image image=&#8220;336&#8243; img_size=&#8220;full&#8220;][\/vc_column][vc_column width=&#8220;1\/2&#8243; css=&#8220;.vc_custom_1513851821338{padding-right: 30px !important;padding-bottom: 30px !important;padding-left: 30px !important;}&#8220; el_class=&#8220;rooms&#8220; offset=&#8220;vc_hidden-lg vc_hidden-md&#8220;][vc_column_text]Die SAKS Urban Design Hotels sind inhaltlich und architektonisch anspruchsvolle, nicht \u00fcberladene Designhotels in zentraler Lage von Gro\u00dfst\u00e4dten. Unsere Philosophie ist es, den individuellen und zeitgem\u00e4\u00dfen Erwartungen der G\u00e4ste zu entsprechen, ohne dabei die standardisierten, wichtigen Prozesse eines systemisch und gut gef\u00fchrten Hotels au\u00dfer Acht zu lassen. SAKS Urban Design ist unser Verst\u00e4ndnis von \u201cHotel\u201d im urbanen Raum \u201eStadt\u201c unter dem Aspekt \u201cDesign\u201d. Unsere G\u00e4ste erleben eine angenehme, diskrete Atmosph\u00e4re und finden die optimale Infrastruktur f\u00fcr Ihren gesch\u00e4ftlichen als auch privaten Aufenthalt vor.[\/vc_column_text][\/vc_column][\/vc_row][vc_row][vc_column css=&#8220;.vc_custom_1513851917563{background-color: #e8e4db !important;}&#8220; offset=&#8220;vc_hidden-sm vc_hidden-xs&#8220;][vc_row_inner][vc_column_inner width=&#8220;1\/2&#8243; css=&#8220;.vc_custom_1513851991681{padding-top: 30px !important;padding-right: 30px !important;padding-bottom: 30px !important;padding-left: 30px !important;}&#8220;][vc_single_image image=&#8220;205&#8243; img_size=&#8220;full&#8220; image_hovers=&#8220;false&#8220; el_class=&#8220;shadow&#8220;][\/vc_column_inner][vc_column_inner width=&#8220;1\/2&#8243; css=&#8220;.vc_custom_1513852009535{padding-right: 30px !important;padding-bottom: 30px !important;padding-left: 30px !important;}&#8220;][vc_single_image image=&#8220;342&#8243; img_size=&#8220;full&#8220; alignment=&#8220;right&#8220; css=&#8220;.vc_custom_1513851356307{margin-top: -140px !important;}&#8220;][vc_column_text]Erfahren Sie alles \u00fcber die Entstehung der SAKS Urban Design Hotels und zuk\u00fcnftige und aktuelle Projekte auf der Unternehmens Webseite von SAKS URBAN PROJECTS.[\/vc_column_text][vc_single_image image=&#8220;211&#8243; img_size=&#8220;full&#8220;][vc_single_image image=&#8220;214&#8243; img_size=&#8220;full&#8220; onclick=&#8220;custom_link&#8220; link=&#8220;http:\/\/www.saksurbanprojects.com&#8220;][\/vc_column_inner][\/vc_row_inner][\/vc_column][\/vc_row][vc_row][vc_column css=&#8220;.vc_custom_1513851930862{background-color: #e8e4db !important;}&#8220; offset=&#8220;vc_hidden-lg vc_hidden-md&#8220;][vc_row_inner][vc_column_inner width=&#8220;1\/2&#8243; css=&#8220;.vc_custom_1513852485205{padding-right: 30px !important;padding-left: 30px !important;}&#8220;][vc_single_image image=&#8220;342&#8243; img_size=&#8220;full&#8220; alignment=&#8220;right&#8220; css=&#8220;.vc_custom_1513852595463{margin-top: -100px !important;}&#8220;][\/vc_column_inner][vc_column_inner width=&#8220;1\/2&#8243; css=&#8220;.vc_custom_1513852124686{padding-right: 30px !important;padding-bottom: 30px !important;padding-left: 30px !important;}&#8220;][vc_single_image image=&#8220;205&#8243; img_size=&#8220;full&#8220; image_hovers=&#8220;false&#8220; el_class=&#8220;shadow&#8220;][vc_column_text]Erfahren Sie alles \u00fcber die Entstehung der SAKS Urban Design Hotels und zuk\u00fcnftige und aktuelle Projekte auf der Unternehmens Webseite von SAKS URBAN PROJECTS.[\/vc_column_text][vc_single_image image=&#8220;211&#8243; img_size=&#8220;full&#8220;][vc_single_image image=&#8220;214&#8243; img_size=&#8220;full&#8220; onclick=&#8220;custom_link&#8220; link=&#8220;http:\/\/www.saksurbanprojects.com&#8220;][\/vc_column_inner][\/vc_row_inner][\/vc_column][\/vc_row][vc_row][vc_column css=&#8220;.vc_custom_1513852646643{background-color: #766a5e !important;}&#8220; offset=&#8220;vc_hidden-sm vc_hidden-xs&#8220;][vc_row_inner][vc_column_inner width=&#8220;1\/2&#8243; css=&#8220;.vc_custom_1513846713070{padding-top: 50px !important;padding-right: 50px !important;padding-bottom: 50px !important;padding-left: 100px !important;}&#8220;][vc_single_image image=&#8220;337&#8243; img_size=&#8220;full&#8220; css=&#8220;.vc_custom_1513850786342{margin-top: -100px !important;}&#8220;][\/vc_column_inner][vc_column_inner width=&#8220;1\/2&#8243; css=&#8220;.vc_custom_1513846723898{padding-top: 50px !important;padding-right: 100px !important;padding-bottom: 50px !important;padding-left: 50px !important;}&#8220;][vc_column_text]<\/p>\n<p class=\"white\">F\u00fcr SAKS zu arbeiten ist mehr als eine Arbeitsstelle bei ad\u00e4quater Bezahlung. Es ist ein Lebensstil. Ihre Kompetenz, Ihre Leistungsbereitschaft, Ihre Ehrlichkeit, Ihre Disziplin und Ihre Emotionalit\u00e4t\/Empathie verleihen dem Hotel die M\u00f6glichkeit, den Anforderungen eines modern gef\u00fchrten und von den G\u00e4sten nachgefragten Boutique-\/Lifestyle-Hotels gerecht zu werden. Jeder Tag ist ein Erlebnis und bietet die M\u00f6glichkeit, mit den unterschiedlichen Herausforderungen zu wachsen und das individuelle Potenzial abzurufen. Wir f\u00f6rdern dabei unsere Mitarbeiter gemessen an ihrem Leis\u00adtungsniveau, damit eine langfristige und ver\u00adtrauensvolle Zusammenarbeit m\u00f6glich wird. Die strategische Zielsetzung bei SAKS ist auf ein gutes Teamwork und auf eine abteilungs\u00fcbergreifende Kommunikation und Kompetenz ausgelegt.<\/p>\n<p>[\/vc_column_text][\/vc_column_inner][\/vc_row_inner][\/vc_column][\/vc_row][vc_row][vc_column css=&#8220;.vc_custom_1513870145591{padding-right: 30px !important;padding-left: 30px !important;background-color: #766a5e !important;}&#8220; offset=&#8220;vc_hidden-lg vc_hidden-md&#8220;][vc_row_inner][vc_column_inner width=&#8220;1\/2&#8243; css=&#8220;.vc_custom_1513852845858{padding-top: 30px !important;padding-right: 30px !important;padding-bottom: 10px !important;padding-left: 30px !important;}&#8220;][vc_single_image image=&#8220;337&#8243; img_size=&#8220;full&#8220; css=&#8220;.vc_custom_1513850786342{margin-top: -100px !important;}&#8220;][\/vc_column_inner][vc_column_inner width=&#8220;1\/2&#8243; css=&#8220;.vc_custom_1513852785361{padding-right: 30px !important;padding-bottom: 30px !important;padding-left: 30px !important;}&#8220;][vc_column_text]<\/p>\n<p class=\"white\">F\u00fcr SAKS zu arbeiten ist mehr als eine Arbeitsstelle bei ad\u00e4quater Bezahlung. Es ist ein Lebensstil. Ihre Kompetenz, Ihre Leistungsbereitschaft, Ihre Ehrlichkeit, Ihre Disziplin und Ihre Emotionalit\u00e4t\/Empathie verleihen dem Hotel die M\u00f6glichkeit, den Anforderungen eines modern gef\u00fchrten und von den G\u00e4sten nachgefragten Boutique-\/Lifestyle-Hotels gerecht zu werden. Jeder Tag ist ein Erlebnis und bietet die M\u00f6glichkeit, mit den unterschiedlichen Herausforderungen zu wachsen und das individuelle Potenzial abzurufen. Wir f\u00f6rdern dabei unsere Mitarbeiter gemessen an ihrem Leis\u00adtungsniveau, damit eine langfristige und ver\u00adtrauensvolle Zusammenarbeit m\u00f6glich wird. Die strategische Zielsetzung bei SAKS ist auf ein gutes Teamwork und auf eine abteilungs\u00fcbergreifende Kommunikation und Kompetenz ausgelegt.<\/p>\n<p>[\/vc_column_text][\/vc_column_inner][\/vc_row_inner][\/vc_column][\/vc_row][vc_row][vc_column css=&#8220;.vc_custom_1548337426326{padding-right: 100px !important;padding-left: 100px !important;background-color: #ededed !important;}&#8220; el_class=&#8220;jobs&#8220; offset=&#8220;vc_hidden-sm vc_hidden-xs&#8220;][vc_row_inner][vc_column_inner width=&#8220;1\/4&#8243;][\/vc_column_inner][vc_column_inner width=&#8220;1\/2&#8243;][vc_column_text]<\/p>\n<h1 style=\"text-align: center;\">Folgende Stellen sind bei uns offen<\/h1>\n<p>&nbsp;<\/p>\n<h3><a href=\"https:\/\/www.saksfrankfurt.com\/jobs\">SAKS Frankfurt<\/a><\/h3>\n<h3><a href=\"https:\/\/www.sakskaiserslautern.com\/jobs\">SAKS Kaiserslautern<\/a><\/h3>\n<p>[\/vc_column_text][\/vc_column_inner][vc_column_inner width=&#8220;1\/4&#8243;][\/vc_column_inner][\/vc_row_inner][vc_row_inner][vc_column_inner][vc_column_text]<\/p>\n<h3>Kontakt<\/h3>\n<p>Wenn wir Ihr Interesse geweckt haben, freuen wir uns auf Ihre vollst\u00e4ndigen aussagekr\u00e4ftigen Bewerbungsunterlagen unter Angabe Ihrer Gehaltsvorstellung und des fr\u00fchestm\u00f6glichen Eintrittstermins, bevorzugt per E-Mail.<\/p>\n<p>&nbsp;<\/p>\n<p><strong>SAKS Hospitality GmbH<\/strong><br \/>\nMendelssohnstr. 79<br \/>\n60325\u00a0 Frankfurt<\/p>\n<p><strong>Personalabteilung<\/strong><br \/>\n069 7898849-500<br \/>\n<a id=\"email\" href=\"mailto:jobs@sakshotels.com\">jobs@sakshotels.com<\/a><br \/>\nwww.sakshotels.com[\/vc_column_text][\/vc_column_inner][\/vc_row_inner][\/vc_column][\/vc_row][vc_row][vc_column css=&#8220;.vc_custom_1513869961393{padding-right: 30px !important;padding-left: 30px !important;background-color: #ededed !important;}&#8220; el_class=&#8220;jobs&#8220; offset=&#8220;vc_hidden-lg vc_hidden-md&#8220;][vc_row_inner][vc_column_inner width=&#8220;1\/4&#8243;][\/vc_column_inner][vc_column_inner width=&#8220;1\/2&#8243;][vc_column_text]<\/p>\n<h1 style=\"text-align: center;\">Folgende Stellen sind bei uns offen<\/h1>\n<p>[\/vc_column_text][\/vc_column_inner][vc_column_inner width=&#8220;1\/4&#8243;][\/vc_column_inner][\/vc_row_inner][vc_row_inner][vc_column_inner css=&#8220;.vc_custom_1513870339532{padding-top: 30px !important;padding-right: 30px !important;padding-bottom: 30px !important;padding-left: 30px !important;}&#8220;][vc_column_text]<\/p>\n<h4 style=\"text-align: center;\">Unsere aktuellen Stellenangebote<br \/>\nfinden Sie unter:<\/h4>\n<h4 style=\"text-align: center;\"><a href=\"https:\/\/www.hotelcareer.de\/jobs\/saks-hospitality-gmbh-80976\">https:\/\/www.hotelcareer.de<\/a><\/h4>\n<div id=\"comp_adr\" class=\"colorpos\">\n<h5 style=\"text-align: center;\">Bitte senden Sie Ihre Bewerbung<br \/>\nper E-Mail an: <a href=\"mailto:jobs@sakshotels.com\">jobs@sakshotels.com<\/a><\/h5>\n<\/div>\n<p>[\/vc_column_text][\/vc_column_inner][\/vc_row_inner][\/vc_column][\/vc_row][vc_row][vc_column el_class=&#8220;rooms&#8220; css=&#8220;.vc_custom_1569230149662{padding-right: 100px !important;padding-left: 100px !important;}&#8220; offset=&#8220;vc_hidden-sm vc_hidden-xs&#8220;][vc_column_text]<\/p>\n<h5 align=\"center\">FOLLOW US ONLINE:<\/h5>\n<h6 align=\"center\"><a href=\"https:\/\/www.facebook.com\/sakshotels\/\"><img src=\"https:\/\/www.sakshotels.com\/portal\/wp-content\/uploads\/2017\/06\/facebook.gif\" alt=\"facebook\" \/><\/a>\u00a0\u00a0<a href=\"https:\/\/twitter.com\/sakshotels\"><img src=\"https:\/\/www.sakshotels.com\/portal\/wp-content\/uploads\/2017\/06\/twitter.gif\" alt=\"twitter\" \/><\/a>\u00a0\u00a0<a href=\"https:\/\/www.instagram.com\/explore\/locations\/286843106\/\"><img src=\"https:\/\/www.sakshotels.com\/portal\/wp-content\/uploads\/2017\/06\/instergram.gif\" alt=\"instergram\" \/><\/a><\/h6>\n<h6 align=\"center\"><strong>SAKS HOSPITALITY GMBH<\/strong><br \/>\nMENDELSSOHNSTR. 79 | 60325 FRANKFURT\/MAIN | GERMANY<\/h6>\n<h6 align=\"center\">TELEFON +49 (0)69 789 8849 -0 | FAX +49 (0)69 789 8849 -199<br \/>\n<a href=\"mailto:contact@sakshotels.com\">CONTACT@SAKSHOTELS.COM<\/a> | <a href=\"http:\/\/www.sakshotels.com\">WWW.SAKSHOTELS.COM<\/a><\/h6>\n<h6 style=\"text-align: center;\" align=\"right\"><a href=\"https:\/\/www.sakshotels.com\/portal\/agb\/\">AGB\u00a0<\/a> | <a href=\"https:\/\/www.sakshotels.com\/portal\/impressum\/\">Impressum<\/a> | <a href=\"https:\/\/www.sakshotels.com\/portal\/datenschutzerklaerung\/\">Datenschutz<\/a><\/h6>\n<p>[\/vc_column_text][\/vc_column][\/vc_row][vc_row][vc_column el_class=&#8220;rooms&#8220; css=&#8220;.vc_custom_1569231927432{padding-right: 50px !important;padding-left: 50px !important;}&#8220; offset=&#8220;vc_hidden-lg vc_hidden-md&#8220;][vc_column_text]<\/p>\n<h5 align=\"center\">FOLLOW US ONLINE:<\/h5>\n<h6 align=\"center\"><a href=\"https:\/\/www.facebook.com\/sakshotels\/\"><img src=\"https:\/\/www.sakshotels.com\/portal\/wp-content\/uploads\/2017\/06\/facebook.gif\" alt=\"facebook\" \/><\/a> <a href=\"https:\/\/twitter.com\/sakshotels\"><img src=\"https:\/\/www.sakshotels.com\/portal\/wp-content\/uploads\/2017\/06\/twitter.gif\" alt=\"twitter\" \/><\/a> <a href=\"https:\/\/www.instagram.com\/explore\/locations\/286843106\/\"><img src=\"https:\/\/www.sakshotels.com\/portal\/wp-content\/uploads\/2017\/06\/instergram.gif\" alt=\"instergram\" \/><\/a><\/h6>\n<h6 align=\"center\"><strong>SAKS HOSPITALITY GMBH<\/strong><br \/>\nMENDELSSOHNSTR. 79<br \/>\n60325 FRANKFURT\/MAIN | GERMANY<\/h6>\n<h6 align=\"center\">TELEFON +49 (0)69 789 8849 -0<br \/>\nFAX +49 (0)69 789 8849 -199<br \/>\n<a href=\"mailto:contact@sakshotels.com\">CONTACT@SAKSHOTELS.COM<\/a><br \/>\n<a href=\"http:\/\/www.sakshotels.com\">WWW.SAKSHOTELS.COM<\/a><\/h6>\n<h6 style=\"text-align: center;\" align=\"right\"><a href=\"https:\/\/www.sakshotels.com\/portal\/agb\/\">AGB <\/a> | <a href=\"https:\/\/www.sakshotels.com\/portal\/impressum\/\">Impressum<\/a> | <a href=\"https:\/\/www.sakshotels.com\/portal\/datenschutzerklaerung\/\">Datenschutz<\/a><\/h6>\n<p>[\/vc_column_text][\/vc_column][\/vc_row]<\/p>\n","protected":false},"excerpt":{"rendered":"<p>[vc_row][vc_column][vc_column_text][FSL id=750][\/vc_column_text][\/vc_column][\/vc_row][vc_row full_width_row=&#8220;true&#8220; el_class=&#8220;feststehend&#8220;][vc_column][vc_row_inner][vc_column_inner width=&#8220;5\/6&#8243; offset=&#8220;vc_hidden-sm vc_hidden-xs&#8220;][vc_single_image image=&#8220;15&#8243; img_size=&#8220;medium&#8220; image_hovers=&#8220;false&#8220; el_class=&#8220;logo_saks&#8220; css=&#8220;.vc_custom_1569249774787{padding-top: 35px !important;padding-left: 35px !important;}&#8220;][\/vc_column_inner][vc_column_inner width=&#8220;1\/6&#8243; offset=&#8220;vc_hidden-sm vc_hidden-xs&#8220; css=&#8220;.vc_custom_1626605680227{padding-top: 5px !important;padding-right: 35px !important;}&#8220;][vc_column_text css=&#8220;.vc_custom_1626605847027{padding-top: 35px !important;padding-right: 35px !important;}&#8220;] DE | EN [\/vc_column_text][\/vc_column_inner][\/vc_row_inner][vc_row_inner][vc_column_inner width=&#8220;5\/6&#8243; offset=&#8220;vc_hidden-lg vc_hidden-md&#8220;][vc_single_image image=&#8220;15&#8243; img_size=&#8220;95&#215;70&#8243; image_hovers=&#8220;false&#8220; el_class=&#8220;logo_saks&#8220;][\/vc_column_inner][vc_column_inner width=&#8220;1\/6&#8243; offset=&#8220;vc_hidden-lg vc_hidden-md&#8220;][vc_column_text css=&#8220;.vc_custom_1626689625195{padding-top: 5px !important;padding-right: 5px !important;}&#8220;] DE | EN [\/vc_column_text][\/vc_column_inner][\/vc_row_inner][\/vc_column][\/vc_row][vc_row][vc_column css=&#8220;.vc_custom_1496760514763{margin-top: -50px !important;}&#8220;&hellip;<\/p>\n","protected":false},"author":1,"featured_media":0,"parent":0,"menu_order":0,"comment_status":"closed","ping_status":"closed","template":"","meta":[],"_links":{"self":[{"href":"https:\/\/www.sakshotels.com\/portal\/wp-json\/wp\/v2\/pages\/7"}],"collection":[{"href":"https:\/\/www.sakshotels.com\/portal\/wp-json\/wp\/v2\/pages"}],"about":[{"href":"https:\/\/www.sakshotels.com\/portal\/wp-json\/wp\/v2\/types\/page"}],"author":[{"embeddable":true,"href":"https:\/\/www.sakshotels.com\/portal\/wp-json\/wp\/v2\/users\/1"}],"replies":[{"embeddable":true,"href":"https:\/\/www.sakshotels.com\/portal\/wp-json\/wp\/v2\/comments?post=7"}],"version-history":[{"count":473,"href":"https:\/\/www.sakshotels.com\/portal\/wp-json\/wp\/v2\/pages\/7\/revisions"}],"predecessor-version":[{"id":758,"href":"https:\/\/www.sakshotels.com\/portal\/wp-json\/wp\/v2\/pages\/7\/revisions\/758"}],"wp:attachment":[{"href":"https:\/\/www.sakshotels.com\/portal\/wp-json\/wp\/v2\/media?parent=7"}],"curies":[{"name":"wp","href":"https:\/\/api.w.org\/{rel}","templated":true}]}}