{"id":489,"date":"2018-05-25T00:05:37","date_gmt":"2018-05-24T22:05:37","guid":{"rendered":"http:\/\/sakshotels.com\/portal\/?page_id=489"},"modified":"2019-09-23T17:02:12","modified_gmt":"2019-09-23T15:02:12","slug":"datenschutzerklaerung","status":"publish","type":"page","link":"https:\/\/www.sakshotels.com\/portal\/datenschutzerklaerung\/","title":{"rendered":"Datenschutz"},"content":{"rendered":"<p>[vc_row full_width_row=&#8220;true&#8220; el_class=&#8220;feststehend&#8220;][vc_column][vc_row_inner][vc_column_inner width=&#8220;5\/6&#8243; offset=&#8220;vc_hidden-sm vc_hidden-xs&#8220;][vc_single_image image=&#8220;15&#8243; img_size=&#8220;medium&#8220; image_hovers=&#8220;false&#8220; el_class=&#8220;logo_saks&#8220; css=&#8220;.vc_custom_1569249774787{padding-top: 35px !important;padding-left: 35px !important;}&#8220;][\/vc_column_inner][vc_column_inner width=&#8220;1\/6&#8243; offset=&#8220;vc_hidden-sm vc_hidden-xs&#8220; css=&#8220;.vc_custom_1569250598731{padding-top: 35px !important;padding-right: 35px !important;}&#8220;][vc_column_text]<\/p>\n<p style=\"text-align: right;\"><a href=\"http:\/\/www.sakshotels.com\/portal\">Zur\u00fcck<\/a><\/p>\n<p>[\/vc_column_text][\/vc_column_inner][\/vc_row_inner][vc_row_inner][vc_column_inner width=&#8220;5\/6&#8243; offset=&#8220;vc_hidden-lg vc_hidden-md&#8220;][vc_single_image image=&#8220;15&#8243; img_size=&#8220;95&#215;70&#8243; image_hovers=&#8220;false&#8220; el_class=&#8220;logo_saks&#8220;][\/vc_column_inner][vc_column_inner width=&#8220;1\/6&#8243; offset=&#8220;vc_hidden-lg vc_hidden-md&#8220; css=&#8220;.vc_custom_1569250929668{padding-top: 5px !important;padding-right: 15px !important;}&#8220;][vc_column_text]<\/p>\n<p style=\"text-align: right;\"><a href=\"http:\/\/www.sakshotels.com\/portal\">Zur\u00fcck<\/a><\/p>\n<p>[\/vc_column_text][\/vc_column_inner][\/vc_row_inner][\/vc_column][\/vc_row][vc_row][vc_column offset=&#8220;vc_hidden-sm vc_hidden-xs&#8220; css=&#8220;.vc_custom_1569242869047{padding-top: 50px !important;}&#8220;][vc_row_inner][vc_column_inner][vc_column_text]<\/p>\n<div class=\"rooms clearfix\">\n<div class=\"boxed\">\n<div class=\"clearfix\">\n<h2>DATENSCHUTZERKL\u00c4RUNG<\/h2>\n<h4><strong>Geltungsbereich Datenschutz<\/strong><\/h4>\n<p>Diese Datenschutzerkl\u00e4rung kl\u00e4rt Nutzer \u00fcber die Art, den Umfang und Zwecke der Erhebung und Verwendung personenbezogener Daten durch den verantwortlichen Anbieter SAKS Hospitality GmbH, Mendelssohnstra\u00dfe 79, 60325 Frankfurt, Telefon +49 (0)69 7898849-200 auf dieser Website (im folgenden \u201eAngebot\u201d) auf. Die rechtlichen Grundlagen des Datenschutzes finden sich im Bundesdatenschutzgesetz (BDSG) und dem Telemediengesetz (TMG).<\/p>\n<p>&nbsp;<\/p>\n<h4><strong>Datenschutzhinweis<\/strong><\/h4>\n<p>Wir erheben, verwenden und speichern Ihre personenbezogenen Daten ausschlie\u00dflich im Rahmen der Bestimmungen des Bundesdatenschutzgesetzes der Bundesrepublik Deutschland. Nachfolgend unterrichten wir Sie \u00fcber Art, Umfang und Zweck der Datenerhebung und Verwendung.<\/p>\n<h3><\/h3>\n<h4><strong>Erhebung und Verarbeitung von Daten<\/strong><\/h4>\n<p>Jeder Zugriff auf unsere Internetseite und jeder Abruf einer auf dieser Website hinterlegten Datei werden protokolliert. Die Speicherung dient internen systembezogenen und statistischen Zwecken. Protokolliert werden: Name der abgerufenen Datei, Datum und Uhrzeit des Abrufs, \u00fcbertragene Datenmenge, Meldung \u00fcber erfolgreichen Abruf, Webbrowser und anfragende Domain. Zus\u00e4tzlich werden die IP Adressen der anfragenden Rechner protokolliert. Weitergehende personenbezogene Daten werden nur erfasst, wenn der Nutzer der Website und\/oder Kunde Angaben freiwillig, etwa im Rahmen einer Anfrage oder Registrierung oder zum Abschluss eines Vertrages oder \u00fcber die Einstellungen seines Browsers t\u00e4tigt.<\/p>\n<h4><\/h4>\n<h4><strong>Unsere Internetseite verwendet Cookies<\/strong><\/h4>\n<p>Ein Cookie ist eine Textdatei, die beim Besuch einer Internetseite verschickt und auf der Festplatte des Nutzers der Website und\/oder Kunden zwischengespeichert wird. Wird der entsprechende Server unserer Webseite erneut vom Nutzer der Website und\/oder Kunden aufgerufen, sendet der Browser des Nutzers der Website und\/oder des Kunden den zuvor empfangenen Cookie wieder zur\u00fcck an den Server. Der Server kann dann die durch diese Prozedur erhaltenen Informationen auf verschiedene Arten auswerten. Durch Cookies k\u00f6nnen z. B. Werbeeinblendungen gesteuert oder das Navigieren auf einer Internetseite erleichtert werden. Wenn der Nutzer der Website und\/oder Kunde die Nutzung von Cookies unterbinden will, kann er dies durch lokale Vornahme der \u00c4nderungen seiner Einstellungen in dem auf seinem Computer verwendeten Internetbrowser, also dem Programm zum \u00d6ffnen und Anzeigen von Internetseiten (z.B. Internet Explorer, Mozilla Firefox, Opera oder Safari) tun.<\/p>\n<p>&nbsp;<\/p>\n<h4>Nutzung und Weitergabe personenbezogener Daten<\/h4>\n<p>Soweit der Nutzer unserer Webseite personenbezogene Daten zur Verf\u00fcgung gestellt hat, verwenden wir diese nur zur Beantwortung von Anfragen des Nutzers der Website und\/oder Kunden, zur Abwicklung mit dem Nutzer der Website und\/oder Kunden geschlossener Vertr\u00e4ge und f\u00fcr die technische Administration. Personenbezogene Daten werden von uns an Dritte nur weitergegeben oder sonst \u00fcbermittelt, wenn dies zum Zwecke der Vertragsabwicklung oder zu Abrechnungszwecken erforderlich ist oder der Nutzer der Website und\/oder Kunde zuvor eingewilligt hat. Der Nutzer der Website und\/oder Kunde hat das Recht, eine erteilte Einwilligung mit Wirkung f\u00fcr die Zukunft jederzeit zu widerrufen.<\/p>\n<p>Die L\u00f6schung der gespeicherten personenbezogenen Daten erfolgt, wenn der Nutzer der Website und\/oder Kunde die Einwilligung zur Speicherung widerruft, wenn ihre Kenntnis zur Erf\u00fcllung des mit der Speicherung verfolgten Zwecks nicht mehr erforderlich ist oder wenn ihre Speicherung aus sonstigen gesetzlichen Gr\u00fcnden unzul\u00e4ssig ist. Daten f\u00fcr Abrechnungszwecke und buchhalterische Zwecke werden von einem L\u00f6schungsverlangen nicht ber\u00fchrt.<\/p>\n<h4><\/h4>\n<h4><strong>Export und Verarbeitung der Daten in Staaten au\u00dferhalb des Europ\u00e4ischen Witschaftsraumes <\/strong><\/h4>\n<p>&nbsp;<\/p>\n<p>Es findet kein Export ihrer personenbezogenen Daten in Staaten au\u00dferhalb des Europ\u00e4ischen Wirtschaftsraumes (Im Folgenden EWR) statt.<br \/>\nTrotzdem k\u00f6nnen, soweit Sie sich in Facebook eingeloggt haben oder einen Twitter-Account oder ein Instagram-Account besitzen, personenbezogene Daten in die USA exportiert werden. Zu n\u00e4heren Erl\u00e4uterungen und zu M\u00f6glichkeiten diesen Datenexport zu verhindern lesen Sie bitte den Gliederungspunkt \u201eVerwendung von Facebook Social Plugins\u201c, bzw. \u201eVerwendung von Twitter\u201c, bzw. \u201eVerwendung von Instagram Social Plugins\u201c der vorliegenden Datenschutzerkl\u00e4rung.<\/p>\n<p>Soweit Sie sich bei Google eingeloggt haben oder Youtube-Account besitzen, k\u00f6nnen personenbezogene Daten in die USA exportiert werden. Zu n\u00e4heren Erl\u00e4uterungen und zu M\u00f6glichkeiten diesen Datenexport zu verhindern beachten Sie bitte den Gliederungspunkt \u201eVerwendung von YouTube-Plugins\u201c.<br \/>\nEine \u00dcbermittlung von personenbezogenen Daten an Google im Rahmen der Nutzung von Analyseprogrammen durch SAKS findet hingegen nicht statt, da Ihre IP-Adresse nur anonymisiert \u00fcbermittelt wird. Lesen Sie dazu bitte den Punkt \u201eVerwendung von Analyseprogrammen\u201c der vorliegenden Datenschutzerkl\u00e4rung.<\/p>\n<p>Die von SAKS eingeschalteten Dienstleister haben ihren Sitz und betreiben ihre IT-Infrastruktur ausschlie\u00dflich innerhalb des EWR. Dies gilt auch f\u00fcr eine eventuelle Nutzung von Cloud-basierenden Diensten. Mit den Dienstleistern bestehen Vertr\u00e4ge die den Datenschutz- und Datensicherheits-Vorgaben der EU-DSGVO entsprechen.<\/p>\n<h4><\/h4>\n<h4>Newsletterdaten<\/h4>\n<p>Wenn Sie den auf der Website angebotenen Newsletter beziehen m\u00f6chten, ben\u00f6tigen wir von Ihnen eine E-Mail-Adresse sowie Informationen, welche uns die \u00dcberpr\u00fcfung gestatten, dass Sie der Inhaber der angegebenen E-Mail-Adresse sind und mit dem Empfang des Newsletters einverstanden sind. Weitere Daten werden nicht erhoben. Diese Daten verwenden wir ausschlie\u00dflich f\u00fcr den Versand der angeforderten Informationen und geben sie nicht an Dritte weiter. Die erteilte Einwilligung zur Speicherung der Daten, der E-Mail-Adresse sowie deren Nutzung zum Versand des Newsletters k\u00f6nnen Sie jederzeit widerrufen, etwa \u00fcber den &#8222;Austragen&#8220;-Link im Newsletter.<\/p>\n<h4><\/h4>\n<h4>SSL-Verschl\u00fcsselung<\/h4>\n<p>Diese Seite nutzt aus Gr\u00fcnden der Sicherheit und zum Schutz der \u00dcbertragung vertraulicher Inhalte, wie zum Beispiel der Anfragen, die Sie an uns als Seitenbetreiber senden, eine SSL-Verschl\u00fcsselung. Eine verschl\u00fcsselte Verbindung erkennen Sie daran, dass die Adresszeile des Browsers von &#8222;http:\/\/&#8220; auf &#8222;https:\/\/&#8220; wechselt und an dem gr\u00fcnen Schloss-Symbol in Ihrer Browserzeile. Wenn die SSL Verschl\u00fcsselung aktiviert ist, k\u00f6nnen die Daten, die Sie an uns \u00fcbermitteln, nicht von Dritten mitgelesen werden.<\/p>\n<h4><\/h4>\n<h4>Recht auf Auskunft, L\u00f6schung, Sperrung<\/h4>\n<p>Sie haben jederzeit das Recht auf unentgeltliche Auskunft \u00fcber Ihre gespeicherten personenbezogenen Daten, deren Herkunft und Empf\u00e4nger und den Zweck der Datenverarbeitung sowie ein Recht auf Berichtigung, Sperrung oder L\u00f6schung dieser Daten. Hierzu sowie zu weiteren Fragen zum Thema personenbezogene Daten k\u00f6nnen Sie sich jederzeit unter der im Impressum angegebenen Adresse an uns wenden.<\/p>\n<h4><\/h4>\n<h4>DATENSCHUTZHINWEISE GOOGLE<\/h4>\n<p>Diese Website benutzt Google Analytics, einen Webanalysedienst der Google Inc. (\u201eGoogle\u201c). Google Analytics verwendet sog. \u201eCookies\u201c, Textdateien, die auf Ihrem Computer gespeichert werden und die eine Analyse der Benutzung der Website durch Sie erm\u00f6glichen. Die durch den Cookie erzeugten Informationen \u00fcber Ihre Benutzung dieser Website (einschlie\u00dflich Ihrer IP-Adresse) wird an einen Server von Google in den USA \u00fcbertragen und dort gespeichert. Google wird diese Informationen benutzen, um Ihre Nutzung der Website auszuwerten, um Reports \u00fcber die Websiteaktivit\u00e4ten f\u00fcr die Websitebetreiber zusammenzustellen und um weitere mit der Websitenutzung und der Internetnutzung verbundene Dienstleistungen zu erbringen. Auch wird Google diese Informationen gegebenenfalls an Dritte \u00fcbertragen, sofern dies gesetzlich vorgeschrieben oder soweit Dritte diese Daten im Auftrag von Google verarbeiten. Google wird in keinem Fall Ihre IP-Adresse mit anderen Daten von Google in Verbindung bringen. Sie k\u00f6nnen die Installation der Cookies durch eine entsprechende Einstellung Ihrer Browser Software verhindern; wir weisen Sie jedoch darauf hin, dass Sie in diesem Fall gegebenenfalls nicht s\u00e4mtliche Funktionen dieser Website vollumf\u00e4nglich nutzen k\u00f6nnen. Durch die Nutzung dieser Website erkl\u00e4ren Sie sich mit der Bearbeitung der \u00fcber Sie erhobenen Daten durch Google in der zuvor beschriebenen Art und Weise und zu dem zuvor benannten Zweck einverstanden.<\/p>\n<p>Sie k\u00f6nnen die Erfassung durch Google Analytics verhindern, indem Sie auf folgenden Link klicken. Es wird ein Opt-Out-Cookie gesetzt, das die zuk\u00fcnftige Erfassung Ihrer Daten beim Besuch dieser Website verhindert: Google Analytics deaktivieren<\/p>\n<h4><\/h4>\n<h4>IP Anonymisierung<\/h4>\n<p>Wir haben auf dieser Website die Funktion IP-Anonymisierung aktiviert. Dadurch wird Ihre IP-Adresse von Google innerhalb von Mitgliedstaaten der Europ\u00e4ischen Union oder in anderen Vertragsstaaten des Abkommens \u00fcber den Europ\u00e4ischen Wirtschaftsraum vor der \u00dcbermittlung in die USA gek\u00fcrzt. Nur in Ausnahmef\u00e4llen wird die volle IP-Adresse an einen Server von Google in den USA \u00fcbertragen und dort gek\u00fcrzt. Im Auftrag des Betreibers dieser Website wird Google diese Informationen benutzen, um Ihre Nutzung der Website auszuwerten, um Reports \u00fcber die Websiteaktivit\u00e4ten zusammenzustellen und um weitere mit der Websitenutzung und der Internetnutzung verbundene Dienstleistungen gegen\u00fcber dem Websitebetreiber zu erbringen. Die im Rahmen von Google Analytics von Ihrem Browser \u00fcbermittelte IPAdresse wird nicht mit anderen Daten von Google zusammengef\u00fchrt.<\/p>\n<h4><\/h4>\n<h4>Browser Plugin<\/h4>\n<p>Sie k\u00f6nnen die Speicherung der Cookies durch eine entsprechende Einstellung Ihrer Browser-Software verhindern; wir weisen Sie jedoch darauf hin, dass Sie in diesem Fall gegebenenfalls nicht s\u00e4mtliche Funktionen dieser Website vollumf\u00e4nglich werden nutzen k\u00f6nnen. Sie k\u00f6nnen dar\u00fcber hinaus die Erfassung der durch den Cookie erzeugten und auf Ihre Nutzung der Website bezogenen Daten (inkl. Ihrer IP-Adresse) an Google sowie die Verarbeitung dieser Daten durch Google verhindern, indem Sie das unter dem folgenden Link verf\u00fcgbare Browser-Plugin herunterladen und installieren:<\/p>\n<p><a href=\"https:\/\/tools.google.com\/dlpage\/gaoptout?hl=de\">https:\/\/tools.google.com\/dlpage\/gaoptout?hl=de<\/a><\/p>\n<h4>Demografische Merkmale bei Google Analytics<\/h4>\n<p>Diese Website nutzt die Funktion \u201cdemografische Merkmale\u201d von Google Analytics. Dadurch k\u00f6nnen Berichte erstellt werden, die Aussagen zu Alter, Geschlecht und Interessen der Seitenbesucher enthalten. Diese Daten stammen aus interessenbezogener Werbung von Google sowie aus Besucherdaten von Drittanbietern. Diese Daten k\u00f6nnen keiner bestimmten Person zugeordnet werden. Sie k\u00f6nnen diese Funktion jederzeit \u00fcber die Anzeigeneinstellungen in Ihrem Google-Konto deaktivieren oder die Erfassung Ihrer Daten durch Google Analytics wie im Punkt \u201cWiderspruch gegen Datenerfassung\u201d dargestellt generell untersagen.<\/p>\n<h4><\/h4>\n<h4>&#8222;RETARGETING&#8220;-TECHNOLOGIE<\/h4>\n<p>Diese Website verwendet so genannte &#8222;Retargeting-Tags&#8220;. Als &#8222;Retargeting-Tag&#8220; wird ein JavaScript-Element bezeichnet, das im Quellcode der Website platziert wird. Besucht ein Nutzer eine Seite auf dieser Website, die ein &#8222;Retargeting-Tag&#8220; enth\u00e4lt, platziert ein Anbieter von Online Werbung (z.B. Google) ein Cookie auf dem Computer dieses Nutzers, und ordnet dieses entsprechenden Retargeting-Zielgruppenlisten hinzu. Dieses Cookie dient in weiterer Folge dazu, Retargeting-Kampagnen (&#8222;Interessensbezogene Werbung&#8220;) auf anderen Websites zu schalten. Studien haben ergeben, dass die Einblendung interessenbezogener Werbung f\u00fcr den Internet Nutzer interessanter ist als Werbung, die keinen direkten Bezug zu Interessen bzw. zuvor besuchten Websites hat.<\/p>\n<h4><\/h4>\n<h4>EINSTELLUNGSM\u00d6GLICHKEITEN<\/h4>\n<p>Drittanbieter, einschlie\u00dflich Google, verwenden diese Cookies zum Schalten von Anzeigen auf Grundlage vorheriger Besuche eines Nutzers auf unserer Website. Es werden dabei keine personenbezogenen Daten gespeichert. Nutzer dieser Website k\u00f6nnen die Verwendung von Cookies durch Google deaktivieren, indem sie die Seite &#8222;Google Anzeigenvorgaben&#8220; aufrufen. Weiter k\u00f6nnen Nutzer die Verwendung von Cookies durch Drittanbieter deaktivieren, indem sie die Deaktivierungsseite der &#8222;Network Advertising Initiative&#8220; besuchen und dort die entsprechenden Einstellungen durchf\u00fchren.<\/p>\n<ul>\n<li>Google Anzeigenvorgaben:<br \/>\n<a href=\"http:\/\/www.google.com\/ads\/preferences\/?hl=de\">http:\/\/www.google.com\/ads\/preferences\/?hl=de<\/a>&gt;<\/li>\n<li>Einstellungen der &#8222;Network Advertising Initiative&#8220;:<br \/>\n<a href=\"http:\/\/www.networkadvertising.org\/managing\/opt_out.asp\">http:\/\/www.networkadvertising.org\/managing\/opt_out.asp<\/a><\/li>\n<\/ul>\n<h4><\/h4>\n<h4>DATENSCHUTZHINWEIS FACEBOOK<\/h4>\n<p>Diese Webseite nutzt Plugins von Facebook.com des Unternehmens Facebook Inc., 1601 S. California Avenue, Palo Alto, CA 94304 aus den USA. Wir weisen Sie hiermit darauf hin, dass durch das Plugin eine Verbindung zu Facebook aufgebaut wird, wodurch eine \u00dcbermittlung an Ihren Browser durchgef\u00fchrt wird, damit das Plugin auf der Webseite erscheint. Des Weiteren werden Daten an die Facebook-Server gesendet, die Informationen \u00fcber Ihre Webseitenbesuche auf unserer Homepage enthalten. F\u00fcr angemeldete Facebook-Nutzer bedeutet das, dass die Nutzungsdaten ihrem pers\u00f6nlichen Facebook-Account zugeordnet werden. Sobald Sie als angemeldeter Facebook-Nutzer aktiv das Facebook-Plugin nutzen (z.B. durch das Klicken auf den \u201eGef\u00e4llt mir\u201c Knopf oder die Nutzung der Kommentarfunktion), werden diese Daten zu Ihrem Facebook-Account \u00fcbertragen und ver\u00f6ffentlicht. Dies k\u00f6nnen Sie nur durch vorheriges Abmelden aus Ihrem Facebook-Account umgehen. Weitere Information bez\u00fcglich der Datennutzung durch Facebook entnehmen Sie bitte den datenschutzrechtlichen Bestimmungen auf Facebook.<\/p>\n<h4><\/h4>\n<h4>WEITERE INFORMATIONEN UND KONTAKTE<\/h4>\n<p>Wenn Sie weitere Fragen zum Thema Datenschutz bei SAKS haben, wenden Sie sich an den Datenschutzbeauftragten unseres Unternehmens. Sie k\u00f6nnen erfragen, welche Ihrer Daten bei uns gespeichert sind. Dar\u00fcber hinaus k\u00f6nnen Sie Ausk\u00fcnfte, L\u00f6schungs- und Berichtigungsw\u00fcnsche zu Ihren Daten und gerne auch Anregungen jederzeit per Brief oder E-Mail an folgende Adresse senden:<\/p>\n<p><strong>@iDesignu Dipl. Math. Inf.<\/strong> <strong>J<\/strong><strong>erry <\/strong><strong>S<\/strong><strong>cheer<br \/>\n<\/strong>Hertelsbrunnenring 30, 67657 Kaiserslautern, Germany<br \/>\nTel: +49 (0)631 414 758 25<br \/>\nE-Mail: <a href=\"mailto:j.scheer@idesignu.de\">j.scheer@idesignu.de<br \/>\n<\/a>Web: <a href=\"http:\/\/www.idesignu.de\/\">www.idesignu.de<\/a><\/p>\n<\/div>\n<\/div>\n<\/div>\n<p>[\/vc_column_text][\/vc_column_inner][\/vc_row_inner][\/vc_column][\/vc_row][vc_row][vc_column offset=&#8220;vc_hidden-lg vc_hidden-md&#8220;][vc_row_inner][vc_column_inner css=&#8220;.vc_custom_1508744494383{margin-top: 50px !important;}&#8220;][vc_column_text]<\/p>\n<div class=\"rooms clearfix\">\n<div class=\"boxed\">\n<div class=\"clearfix\">\n<h2>Impressum<\/h2>\n<p>SAKS Hospitality GmbH<br \/>\nMendelssohnstr. 79<br \/>\n60325 Frankfurt \/ Main<br \/>\nDeutschland<\/p>\n<p>Telefon: +49 (0)69 789 8849 -0<br \/>\nFax: +49 (0)69 789 8849 -199<br \/>\nE-Mail: <a href=\"mailto:contact.frankfurt@sakshotels.com\">contact.frankfurt@sakshotels.com<\/a><br \/>\nWeb: <a href=\"https:\/\/www.saksfrankfurt.com\">www.saksfrankfurt.com<\/a><\/p>\n<p>&nbsp;<\/p>\n<h4>GESCH\u00c4FTSF\u00dcHRUNG<\/h4>\n<p>Dipl. Kfm. Hans Sachs<br \/>\nSitz der Gesellschaft: Frankfurt am Main<br \/>\nAmtsgericht: Frankfurt am Main<br \/>\nHRB: 106676<br \/>\nSteuernr.: 19 662 137 90<br \/>\nUst.-ID.:DE269155355<\/p>\n<p>&nbsp;<\/p>\n<h4>DESIGN UND PROGRAMMIERUNG<\/h4>\n<p>iDesignu<br \/>\nInh. Jerry Scheer<br \/>\nHertelsbrunnenring 30<br \/>\n67657 Kaiserslautern<\/p>\n<p>&nbsp;<\/p>\n<h4>URHEBERRECHT<\/h4>\n<p>Inhalte und Darstellungen dieser Webseite sind urheberrechtlich gesch\u00fctzt. Texte, Bilder, Logos oder gesamtoptische Darstellungen d\u00fcrfen nur mit unserer Genehmigung gespeichert, transferiert oder vervielf\u00e4ltigt werden.<\/p>\n<p>&nbsp;<\/p>\n<h4>EXTERNE LINKS<\/h4>\n<p>Hiermit erkl\u00e4ren wir unsere ausdr\u00fcckliche Distanzierung zu s\u00e4mtlichen Inhalten zu verlinkten Fremdseiten in unserer Webseite. F\u00fcr Inhalte anderer Internetseiten haftet allein der jeweilige Anbieter.<\/p>\n<p>&nbsp;<\/p>\n<h4>HAFTUNG<\/h4>\n<p>Alle Angaben und Informationen auf unserer Homepage wurden gr\u00fcndlich auf Vollst\u00e4ndigkeit. Aktualit\u00e4t und Richtigkeit gepr\u00fcft. Eine Haftung f\u00fcr eventuell fehlerhafte Angaben k\u00f6nnen wir nicht \u00fcbernehmen. Gleichfalls weisen wir darauf hin, dass wir keine Haftung \u00fcbernehmen f\u00fcr Links oder Hinweise zu anderen Seiten, betreffend destruktive Programme anderer Server, auf die wir keinen Einfluss haben.<\/p>\n<p>&nbsp;<\/p>\n<h4>DATENSCHUTZ<\/h4>\n<p>Alle Informationen oder Daten, die wir durch Ihre Kontaktaufnahme mit uns erhalten, werden streng vertraulich behandelt und nicht an Dritte weitergereicht.<\/p>\n<\/div>\n<\/div>\n<\/div>\n<p>[\/vc_column_text][\/vc_column_inner][\/vc_row_inner][\/vc_column][\/vc_row]<\/p>\n","protected":false},"excerpt":{"rendered":"<p>[vc_row full_width_row=&#8220;true&#8220; el_class=&#8220;feststehend&#8220;][vc_column][vc_row_inner][vc_column_inner width=&#8220;5\/6&#8243; offset=&#8220;vc_hidden-sm vc_hidden-xs&#8220;][vc_single_image image=&#8220;15&#8243; img_size=&#8220;medium&#8220; image_hovers=&#8220;false&#8220; el_class=&#8220;logo_saks&#8220; css=&#8220;.vc_custom_1569249774787{padding-top: 35px !important;padding-left: 35px !important;}&#8220;][\/vc_column_inner][vc_column_inner width=&#8220;1\/6&#8243; offset=&#8220;vc_hidden-sm vc_hidden-xs&#8220; css=&#8220;.vc_custom_1569250598731{padding-top: 35px !important;padding-right: 35px !important;}&#8220;][vc_column_text] Zur\u00fcck [\/vc_column_text][\/vc_column_inner][\/vc_row_inner][vc_row_inner][vc_column_inner width=&#8220;5\/6&#8243; offset=&#8220;vc_hidden-lg vc_hidden-md&#8220;][vc_single_image image=&#8220;15&#8243; img_size=&#8220;95&#215;70&#8243; image_hovers=&#8220;false&#8220; el_class=&#8220;logo_saks&#8220;][\/vc_column_inner][vc_column_inner width=&#8220;1\/6&#8243; offset=&#8220;vc_hidden-lg vc_hidden-md&#8220; css=&#8220;.vc_custom_1569250929668{padding-top: 5px !important;padding-right: 15px !important;}&#8220;][vc_column_text] Zur\u00fcck [\/vc_column_text][\/vc_column_inner][\/vc_row_inner][\/vc_column][\/vc_row][vc_row][vc_column offset=&#8220;vc_hidden-sm vc_hidden-xs&#8220; css=&#8220;.vc_custom_1569242869047{padding-top: 50px !important;}&#8220;][vc_row_inner][vc_column_inner][vc_column_text] DATENSCHUTZERKL\u00c4RUNG Geltungsbereich Datenschutz Diese Datenschutzerkl\u00e4rung kl\u00e4rt Nutzer \u00fcber&hellip;<\/p>\n","protected":false},"author":1,"featured_media":0,"parent":0,"menu_order":0,"comment_status":"closed","ping_status":"closed","template":"","meta":[],"_links":{"self":[{"href":"https:\/\/www.sakshotels.com\/portal\/wp-json\/wp\/v2\/pages\/489"}],"collection":[{"href":"https:\/\/www.sakshotels.com\/portal\/wp-json\/wp\/v2\/pages"}],"about":[{"href":"https:\/\/www.sakshotels.com\/portal\/wp-json\/wp\/v2\/types\/page"}],"author":[{"embeddable":true,"href":"https:\/\/www.sakshotels.com\/portal\/wp-json\/wp\/v2\/users\/1"}],"replies":[{"embeddable":true,"href":"https:\/\/www.sakshotels.com\/portal\/wp-json\/wp\/v2\/comments?post=489"}],"version-history":[{"count":19,"href":"https:\/\/www.sakshotels.com\/portal\/wp-json\/wp\/v2\/pages\/489\/revisions"}],"predecessor-version":[{"id":712,"href":"https:\/\/www.sakshotels.com\/portal\/wp-json\/wp\/v2\/pages\/489\/revisions\/712"}],"wp:attachment":[{"href":"https:\/\/www.sakshotels.com\/portal\/wp-json\/wp\/v2\/media?parent=489"}],"curies":[{"name":"wp","href":"https:\/\/api.w.org\/{rel}","templated":true}]}}