{"id":475,"date":"2018-05-24T11:07:43","date_gmt":"2018-05-24T09:07:43","guid":{"rendered":"http:\/\/sakshotels.com\/portal\/?page_id=475"},"modified":"2019-09-23T17:03:37","modified_gmt":"2019-09-23T15:03:37","slug":"impressum","status":"publish","type":"page","link":"https:\/\/www.sakshotels.com\/portal\/impressum\/","title":{"rendered":"Impressum"},"content":{"rendered":"<p>[vc_row full_width_row=&#8220;true&#8220; el_class=&#8220;feststehend&#8220;][vc_column][vc_row_inner][vc_column_inner width=&#8220;5\/6&#8243; offset=&#8220;vc_hidden-sm vc_hidden-xs&#8220;][vc_single_image image=&#8220;15&#8243; img_size=&#8220;medium&#8220; image_hovers=&#8220;false&#8220; el_class=&#8220;logo_saks&#8220; css=&#8220;.vc_custom_1569249774787{padding-top: 35px !important;padding-left: 35px !important;}&#8220;][\/vc_column_inner][vc_column_inner width=&#8220;1\/6&#8243; offset=&#8220;vc_hidden-sm vc_hidden-xs&#8220; css=&#8220;.vc_custom_1569249711365{padding-top: 35px !important;padding-right: 35px !important;}&#8220;][vc_column_text]<\/p>\n<p style=\"text-align: right;\"><a href=\"http:\/\/www.sakshotels.com\/portal\">Zur\u00fcck<\/a><\/p>\n<p>[\/vc_column_text][\/vc_column_inner][\/vc_row_inner][vc_row_inner][vc_column_inner width=&#8220;5\/6&#8243; offset=&#8220;vc_hidden-lg vc_hidden-md&#8220;][vc_single_image image=&#8220;15&#8243; img_size=&#8220;95&#215;70&#8243; image_hovers=&#8220;false&#8220; el_class=&#8220;logo_saks&#8220;][\/vc_column_inner][vc_column_inner width=&#8220;1\/6&#8243; offset=&#8220;vc_hidden-lg vc_hidden-md&#8220; css=&#8220;.vc_custom_1569251014644{padding-top: 5px !important;padding-right: 15px !important;}&#8220;][vc_column_text]<\/p>\n<p style=\"text-align: right;\"><a href=\"http:\/\/www.sakshotels.com\/portal\">Zur\u00fcck<\/a><\/p>\n<p>[\/vc_column_text][\/vc_column_inner][\/vc_row_inner][\/vc_column][\/vc_row][vc_row][vc_column css=&#8220;.vc_custom_1569242936723{padding-top: 50px !important;}&#8220;][vc_column_text]<\/p>\n<div class=\"rooms clearfix\">\n<div class=\"boxed\">\n<div class=\"clearfix\">\n<h2>Impressum<\/h2>\n<p>SAKS Hospitality GmbH<br \/>\nMendelssohnstr. 79<br \/>\n60325 Frankfurt \/ Main<br \/>\nDeutschland<\/p>\n<p>Telefon: +49 (0)69 789 8849 -0<br \/>\nFax: +49 (0)69 789 8849 -199<br \/>\nE-Mail: <a href=\"mailto:contact.frankfurt@sakshotels.com\">contact.frankfurt@sakshotels.com<\/a><br \/>\nWeb: <a href=\"https:\/\/www.sakshotels.com\">www.sakshotels.com<\/a><\/p>\n<p>&nbsp;<\/p>\n<h4>GESCH\u00c4FTSF\u00dcHRUNG<\/h4>\n<p>Dipl. Kfm. Hans Sachs<br \/>\nSitz der Gesellschaft: Frankfurt am Main<br \/>\nAmtsgericht: Frankfurt am Main<br \/>\nHRB: 106676<br \/>\nSteuernr.: 19 662 137 90<br \/>\nUst.-ID.:DE269155355<\/p>\n<p>&nbsp;<\/p>\n<h4>DESIGN UND PROGRAMMIERUNG<\/h4>\n<p>iDesignu<br \/>\nInh. Jerry Scheer<br \/>\nHertelsbrunnenring 30<br \/>\n67657 Kaiserslautern<\/p>\n<p>&nbsp;<\/p>\n<h4>URHEBERRECHT<\/h4>\n<p>Inhalte und Darstellungen dieser Webseite sind urheberrechtlich gesch\u00fctzt. Texte, Bilder, Logos oder gesamtoptische Darstellungen d\u00fcrfen nur mit unserer Genehmigung gespeichert, transferiert oder vervielf\u00e4ltigt werden.<\/p>\n<p>&nbsp;<\/p>\n<h4>EXTERNE LINKS<\/h4>\n<p>Hiermit erkl\u00e4ren wir unsere ausdr\u00fcckliche Distanzierung zu s\u00e4mtlichen Inhalten zu verlinkten Fremdseiten in unserer Webseite. F\u00fcr Inhalte anderer Internetseiten haftet allein der jeweilige Anbieter.<\/p>\n<p>&nbsp;<\/p>\n<h4>HAFTUNG<\/h4>\n<p>Alle Angaben und Informationen auf unserer Homepage wurden gr\u00fcndlich auf Vollst\u00e4ndigkeit. Aktualit\u00e4t und Richtigkeit gepr\u00fcft. Eine Haftung f\u00fcr eventuell fehlerhafte Angaben k\u00f6nnen wir nicht \u00fcbernehmen. Gleichfalls weisen wir darauf hin, dass wir keine Haftung \u00fcbernehmen f\u00fcr Links oder Hinweise zu anderen Seiten, betreffend destruktive Programme anderer Server, auf die wir keinen Einfluss haben.<\/p>\n<\/div>\n<\/div>\n<\/div>\n<p>[\/vc_column_text][\/vc_column][\/vc_row]<\/p>\n","protected":false},"excerpt":{"rendered":"<p>[vc_row full_width_row=&#8220;true&#8220; el_class=&#8220;feststehend&#8220;][vc_column][vc_row_inner][vc_column_inner width=&#8220;5\/6&#8243; offset=&#8220;vc_hidden-sm vc_hidden-xs&#8220;][vc_single_image image=&#8220;15&#8243; img_size=&#8220;medium&#8220; image_hovers=&#8220;false&#8220; el_class=&#8220;logo_saks&#8220; css=&#8220;.vc_custom_1569249774787{padding-top: 35px !important;padding-left: 35px !important;}&#8220;][\/vc_column_inner][vc_column_inner width=&#8220;1\/6&#8243; offset=&#8220;vc_hidden-sm vc_hidden-xs&#8220; css=&#8220;.vc_custom_1569249711365{padding-top: 35px !important;padding-right: 35px !important;}&#8220;][vc_column_text] Zur\u00fcck [\/vc_column_text][\/vc_column_inner][\/vc_row_inner][vc_row_inner][vc_column_inner width=&#8220;5\/6&#8243; offset=&#8220;vc_hidden-lg vc_hidden-md&#8220;][vc_single_image image=&#8220;15&#8243; img_size=&#8220;95&#215;70&#8243; image_hovers=&#8220;false&#8220; el_class=&#8220;logo_saks&#8220;][\/vc_column_inner][vc_column_inner width=&#8220;1\/6&#8243; offset=&#8220;vc_hidden-lg vc_hidden-md&#8220; css=&#8220;.vc_custom_1569251014644{padding-top: 5px !important;padding-right: 15px !important;}&#8220;][vc_column_text] Zur\u00fcck [\/vc_column_text][\/vc_column_inner][\/vc_row_inner][\/vc_column][\/vc_row][vc_row][vc_column css=&#8220;.vc_custom_1569242936723{padding-top: 50px !important;}&#8220;][vc_column_text] Impressum SAKS Hospitality GmbH Mendelssohnstr. 79 60325 Frankfurt \/ Main&hellip;<\/p>\n","protected":false},"author":1,"featured_media":0,"parent":0,"menu_order":0,"comment_status":"closed","ping_status":"closed","template":"","meta":[],"_links":{"self":[{"href":"https:\/\/www.sakshotels.com\/portal\/wp-json\/wp\/v2\/pages\/475"}],"collection":[{"href":"https:\/\/www.sakshotels.com\/portal\/wp-json\/wp\/v2\/pages"}],"about":[{"href":"https:\/\/www.sakshotels.com\/portal\/wp-json\/wp\/v2\/types\/page"}],"author":[{"embeddable":true,"href":"https:\/\/www.sakshotels.com\/portal\/wp-json\/wp\/v2\/users\/1"}],"replies":[{"embeddable":true,"href":"https:\/\/www.sakshotels.com\/portal\/wp-json\/wp\/v2\/comments?post=475"}],"version-history":[{"count":13,"href":"https:\/\/www.sakshotels.com\/portal\/wp-json\/wp\/v2\/pages\/475\/revisions"}],"predecessor-version":[{"id":714,"href":"https:\/\/www.sakshotels.com\/portal\/wp-json\/wp\/v2\/pages\/475\/revisions\/714"}],"wp:attachment":[{"href":"https:\/\/www.sakshotels.com\/portal\/wp-json\/wp\/v2\/media?parent=475"}],"curies":[{"name":"wp","href":"https:\/\/api.w.org\/{rel}","templated":true}]}}